{"id":3575,"date":"2019-11-15T16:05:01","date_gmt":"2019-11-15T16:05:01","guid":{"rendered":"http:\/\/cmg.page404.co\/?page_id=3575"},"modified":"2019-11-22T14:33:51","modified_gmt":"2019-11-22T14:33:51","slug":"imobiliaria-2","status":"publish","type":"page","link":"https:\/\/castromarimresort.com\/pt-pt\/imobiliaria-2\/","title":{"rendered":"Imobili\u00e1ria"},"content":{"rendered":"<p><div class=\"fusion-fullwidth fullwidth-box fusion-builder-row-1 hundred-percent-fullwidth non-hundred-percent-height-scrolling fusion-equal-height-columns\" style=\"background-color: #ffffff;background-position: center center;background-repeat: no-repeat;padding-top:0px;padding-right:0px;padding-bottom:0px;padding-left:0px;margin-bottom: 0px;margin-top: 0px;border-width: 0px 0px 0px 0px;border-color:#eae9e9;border-style:solid;\" ><div class=\"fusion-builder-row fusion-row\"><div class=\"fusion-layout-column fusion_builder_column fusion-builder-column-0 fusion_builder_column_1_1 1_1 fusion-one-full fusion-column-first fusion-column-last fusion-column-no-min-height\" style=\"margin-top:0px;margin-bottom:20px;\"><div class=\"fusion-column-wrapper fusion-flex-column-wrapper-legacy\" style=\"background-position:left top;background-repeat:no-repeat;-webkit-background-size:cover;-moz-background-size:cover;-o-background-size:cover;background-size:cover;padding: 40px 0px 40px 0px;\"><div class=\"fusion-column-content-centered\"><div class=\"fusion-column-content\"><div class=\"fusion-text fusion-text-1\"><p style=\"letter-spacing: 4px; font-size: 13px; text-align: center; margin-bottom: 0px;\">DESCUBRA<\/p>\n<h1 style=\"text-align: center;\">Propriedades de Sonho<\/h1>\n<\/div><div class=\"fusion-sep-clear\"><\/div><div class=\"fusion-separator\" style=\"margin-left: auto;margin-right: auto;margin-top:0px;margin-bottom:65px;width:100%;max-width:50px;\"><div class=\"fusion-separator-border sep-single sep-solid\" style=\"border-color:#cbaa5c;border-top-width:1px;\"><\/div><\/div><div class=\"fusion-sep-clear\"><\/div><\/div><\/div><div class=\"fusion-clearfix\"><\/div><\/div><\/div><div class=\"fusion-layout-column fusion_builder_column fusion-builder-column-1 fusion_builder_column_1_6 1_6 fusion-one-sixth fusion-column-first fusion-column-inner-bg-wrapper\" style=\"width:16.666666666667%;width:calc(16.666666666667% - ( ( 0 + 0 + 0 ) * 0.16666666666667 ) );margin-right: 0px;margin-top:0px;margin-bottom:20px;\"><div class=\"fusion-column-wrapper fusion-flex-column-wrapper-legacy\" style=\"padding: 0px 0px 0px 0px;\"><div class=\"fusion-clearfix\"><\/div><\/div><span class=\"fusion-column-inner-bg hover-type-none\"><a href=\"\/imobiliaria\/vilas-geminadas\/\"><span class=\"fusion-column-inner-bg-image\" style=\"background-position:center center;background-repeat:no-repeat;-webkit-background-size:cover;-moz-background-size:cover;-o-background-size:cover;background-size:cover;\"><\/span><\/a><\/span><\/div><div class=\"fusion-layout-column fusion_builder_column fusion-builder-column-2 fusion_builder_column_1_3 1_3 fusion-one-third fusion-column-inner-bg-wrapper\" style=\"width:33.333333333333%;width:calc(33.333333333333% - ( ( 0 + 0 + 0 ) * 0.33333333333333 ) );margin-right: 0px;margin-top:0px;margin-bottom:20px;\"><div class=\"fusion-column-wrapper fusion-flex-column-wrapper-legacy\" style=\"padding: 0px 20px 0px 0px;\"><span class=\" fusion-imageframe imageframe-none imageframe-1 hover-type-none\"><img decoding=\"async\" width=\"1000\" image_height=\"595\" image_id=\"1747\" title=\"01_exterior_2\" src=\"https:\/\/castromarimresort.com\/wp-content\/uploads\/2018\/01\/01_exterior_2.jpg\" data-orig-src=\"https:\/\/www.castromarimresort.com\/wp-content\/uploads\/2018\/01\/01_exterior_2.jpg\" class=\"lazyload img-responsive wp-image-1747\" srcset=\"data:image\/svg+xml,%3Csvg%20xmlns%3D%27http%3A%2F%2Fwww.w3.org%2F2000%2Fsvg%27%20width%3D%271000%27%20height%3D%27595%27%20viewBox%3D%270%200%201000%20595%27%3E%3Crect%20width%3D%271000%27%20height%3D%273595%27%20fill-opacity%3D%220%22%2F%3E%3C%2Fsvg%3E\" data-srcset=\"https:\/\/castromarimresort.com\/wp-content\/uploads\/2018\/01\/01_exterior_2-200x119.jpg 200w, https:\/\/castromarimresort.com\/wp-content\/uploads\/2018\/01\/01_exterior_2-400x238.jpg 400w, https:\/\/castromarimresort.com\/wp-content\/uploads\/2018\/01\/01_exterior_2-600x357.jpg 600w, https:\/\/castromarimresort.com\/wp-content\/uploads\/2018\/01\/01_exterior_2-800x476.jpg 800w, https:\/\/castromarimresort.com\/wp-content\/uploads\/2018\/01\/01_exterior_2.jpg 1000w\" data-sizes=\"auto\" data-orig-sizes=\"(max-width: 800px) 100vw, 400px\" \/><\/span><style type=\"text\/css\"><\/style><div class=\"fusion-title title fusion-title-1 fusion-sep-none fusion-title-text fusion-title-size-three bg_imo\" style=\"margin-top:20px;margin-bottom:30px;\"><h3 class=\"title-heading-left\" style=\"margin:0;\"><h2><span style=\"color: #ffffff;\">VILLAS GEMINADAS<\/span><\/h2><\/h3><\/div><div class=\"fusion-text fusion-text-2 bg_text\"><p style=\"text-align: left;\"><span style=\"color: #333333;\">As casas do aldeamento partilham uma piscina grande e uma piscina tropical com bar e esplanadas. O ambiente que se vive no aldeamento \u00e9 perfeito para fam\u00edlias que gostem de conviver e fazer amizades.<\/span><\/p>\n<\/div><div class=\"fusion-clearfix\"><\/div><\/div><span class=\"fusion-column-inner-bg hover-type-none\"><a href=\"\/imobiliaria\/vilas-geminadas\/\"><span class=\"fusion-column-inner-bg-image\" style=\"background-position:center center;background-repeat:no-repeat;-webkit-background-size:cover;-moz-background-size:cover;-o-background-size:cover;background-size:cover;\"><\/span><\/a><\/span><\/div><div class=\"fusion-layout-column fusion_builder_column fusion-builder-column-3 fusion_builder_column_1_3 1_3 fusion-one-third fusion-column-inner-bg-wrapper\" style=\"width:33.333333333333%;width:calc(33.333333333333% - ( ( 0 + 0 + 0 ) * 0.33333333333333 ) );margin-right: 0px;margin-top:0px;margin-bottom:20px;\"><div class=\"fusion-column-wrapper fusion-flex-column-wrapper-legacy\" style=\"padding: 0px 20px 0px 0px;\"><span class=\" fusion-imageframe imageframe-none imageframe-2 hover-type-none\"><img decoding=\"async\" width=\"1000\" image_height=\"595\" image_id=\"1746\" title=\"CMG&#038;CC_Villa Bella Vista 1ii_1\" src=\"https:\/\/castromarimresort.com\/wp-content\/uploads\/2018\/01\/CMGCC_Villa-Bella-Vista-1ii_1.jpg\" data-orig-src=\"https:\/\/www.castromarimresort.com\/wp-content\/uploads\/2018\/01\/CMGCC_Villa-Bella-Vista-1ii_1.jpg\" class=\"lazyload img-responsive wp-image-1746\" srcset=\"data:image\/svg+xml,%3Csvg%20xmlns%3D%27http%3A%2F%2Fwww.w3.org%2F2000%2Fsvg%27%20width%3D%271000%27%20height%3D%27595%27%20viewBox%3D%270%200%201000%20595%27%3E%3Crect%20width%3D%271000%27%20height%3D%273595%27%20fill-opacity%3D%220%22%2F%3E%3C%2Fsvg%3E\" data-srcset=\"https:\/\/castromarimresort.com\/wp-content\/uploads\/2018\/01\/CMGCC_Villa-Bella-Vista-1ii_1-200x119.jpg 200w, https:\/\/castromarimresort.com\/wp-content\/uploads\/2018\/01\/CMGCC_Villa-Bella-Vista-1ii_1-400x238.jpg 400w, https:\/\/castromarimresort.com\/wp-content\/uploads\/2018\/01\/CMGCC_Villa-Bella-Vista-1ii_1-600x357.jpg 600w, https:\/\/castromarimresort.com\/wp-content\/uploads\/2018\/01\/CMGCC_Villa-Bella-Vista-1ii_1-800x476.jpg 800w, https:\/\/castromarimresort.com\/wp-content\/uploads\/2018\/01\/CMGCC_Villa-Bella-Vista-1ii_1.jpg 1000w\" data-sizes=\"auto\" data-orig-sizes=\"(max-width: 800px) 100vw, 400px\" \/><\/span><style type=\"text\/css\"><\/style><div class=\"fusion-title title fusion-title-2 fusion-sep-none fusion-title-text fusion-title-size-three bg_imo\" style=\"margin-top:20px;margin-bottom:30px;\"><h3 class=\"title-heading-left\" style=\"margin:0;\"><h2><span style=\"color: #ffffff;\">MORADIAS T2 E T3<\/span><\/h2><\/h3><\/div><div class=\"fusion-text fusion-text-3 bg_text\"><p style=\"text-align: left;\"><span style=\"color: #333333;\">As casas do aldeamento partilham uma piscina grande e uma piscina tropical com bar e esplanadas. O ambiente que se vive no aldeamento \u00e9 perfeito para fam\u00edlias que gostem de conviver e fazer amizades.<\/span><\/p>\n<\/div><div class=\"fusion-clearfix\"><\/div><\/div><span class=\"fusion-column-inner-bg hover-type-none\"><a href=\"\/imobiliaria\/vilas-geminadas\/\"><span class=\"fusion-column-inner-bg-image\" style=\"background-position:center center;background-repeat:no-repeat;-webkit-background-size:cover;-moz-background-size:cover;-o-background-size:cover;background-size:cover;\"><\/span><\/a><\/span><\/div><div class=\"fusion-layout-column fusion_builder_column fusion-builder-column-4 fusion_builder_column_1_6 1_6 fusion-one-sixth fusion-column-last fusion-column-inner-bg-wrapper\" style=\"width:16.666666666667%;width:calc(16.666666666667% - ( ( 0 + 0 + 0 ) * 0.16666666666667 ) );margin-top:0px;margin-bottom:20px;\"><div class=\"fusion-column-wrapper fusion-flex-column-wrapper-legacy\" style=\"padding: 0px 0px 0px 0px;\"><div class=\"fusion-clearfix\"><\/div><\/div><span class=\"fusion-column-inner-bg hover-type-none\"><a href=\"\/imobiliaria\/vilas-geminadas\/\"><span class=\"fusion-column-inner-bg-image\" style=\"background-position:center center;background-repeat:no-repeat;-webkit-background-size:cover;-moz-background-size:cover;-o-background-size:cover;background-size:cover;\"><\/span><\/a><\/span><\/div><\/div><\/div><div class=\"fusion-fullwidth fullwidth-box fusion-builder-row-2 nonhundred-percent-fullwidth non-hundred-percent-height-scrolling\" style=\"background-color: #ffffff;background-position: center center;background-repeat: no-repeat;padding-top:0px;padding-right:0px;padding-bottom:0px;padding-left:0px;margin-bottom: 10px;border-width: 0px 0px 0px 0px;border-color:#eae9e9;border-style:solid;\" ><div class=\"fusion-builder-row fusion-row\"><div class=\"fusion-layout-column fusion_builder_column fusion-builder-column-5 fusion_builder_column_1_1 1_1 fusion-one-full fusion-column-first fusion-column-last\" style=\"margin-top:0px;margin-bottom:20px;\"><div class=\"fusion-column-wrapper fusion-flex-column-wrapper-legacy\" style=\"background-position:left top;background-repeat:no-repeat;-webkit-background-size:cover;-moz-background-size:cover;-o-background-size:cover;background-size:cover;padding: 0px 0px 0px 0px;\"><div class=\"fusion-sep-clear\"><\/div><div class=\"fusion-separator fusion-full-width-sep\" style=\"margin-left: auto;margin-right: auto;margin-top:0px;margin-bottom:0px;width:100%;\"><\/div><div class=\"fusion-sep-clear\"><\/div><div class=\"fusion-clearfix\"><\/div><\/div><\/div><\/div><\/div><div class=\"fusion-fullwidth fullwidth-box fusion-builder-row-3 hundred-percent-fullwidth non-hundred-percent-height-scrolling\" style=\"background-color: #ffffff;background-position: center center;background-repeat: no-repeat;padding-top:0px;padding-right:0px;padding-bottom:0px;padding-left:0px;margin-bottom: 0px;margin-top: 0px;border-width: 0px 0px 0px 0px;border-color:#eae9e9;border-style:solid;\" ><div class=\"fusion-builder-row fusion-row\"><div class=\"fusion-layout-column fusion_builder_column fusion-builder-column-6 fusion_builder_column_1_6 1_6 fusion-one-sixth fusion-column-first fusion-column-inner-bg-wrapper\" style=\"width:16.666666666667%;width:calc(16.666666666667% - ( ( 0 + 0 + 0 ) * 0.16666666666667 ) );margin-right: 0px;margin-top:0px;margin-bottom:20px;\"><div class=\"fusion-column-wrapper fusion-flex-column-wrapper-legacy\" style=\"padding: 0px 0px 0px 0px;\"><div class=\"fusion-clearfix\"><\/div><\/div><span class=\"fusion-column-inner-bg hover-type-none\"><a href=\"\/imobiliaria\/vilas-geminadas\/\"><span class=\"fusion-column-inner-bg-image\" style=\"background-position:center center;background-repeat:no-repeat;-webkit-background-size:cover;-moz-background-size:cover;-o-background-size:cover;background-size:cover;\"><\/span><\/a><\/span><\/div><div class=\"fusion-layout-column fusion_builder_column fusion-builder-column-7 fusion_builder_column_2_5 2_5 fusion-two-fifth fusion-column-inner-bg-wrapper\" style=\"width:40%;width:calc(40% - ( ( 0 + 0 + 0 ) * 0.4 ) );margin-right: 0px;margin-top:0px;margin-bottom:20px;\"><div class=\"fusion-column-wrapper fusion-flex-column-wrapper-legacy\" style=\"padding: 0px 0px 0px 0px;\"><div class=\"fusion-column-content-centered\"><div class=\"fusion-column-content\"><span class=\" fusion-imageframe imageframe-none imageframe-3 hover-type-none\"><img decoding=\"async\" width=\"760\" image_height=\"361\" image_id=\"4212\" title=\"lotes\" src=\"https:\/\/castromarimresort.com\/wp-content\/uploads\/2019\/11\/lotes-e1574433052759.png\" data-orig-src=\"https:\/\/www.castromarimresort.com\/wp-content\/uploads\/2019\/11\/lotes-e1574433052759.png\" class=\"lazyload img-responsive wp-image-4212\" srcset=\"data:image\/svg+xml,%3Csvg%20xmlns%3D%27http%3A%2F%2Fwww.w3.org%2F2000%2Fsvg%27%20width%3D%27760%27%20height%3D%27361%27%20viewBox%3D%270%200%20760%20361%27%3E%3Crect%20width%3D%27760%27%20height%3D%273361%27%20fill-opacity%3D%220%22%2F%3E%3C%2Fsvg%3E\" data-srcset=\"https:\/\/castromarimresort.com\/wp-content\/uploads\/2019\/11\/lotes-e1574433052759-200x95.png 200w, https:\/\/castromarimresort.com\/wp-content\/uploads\/2019\/11\/lotes-e1574433052759-400x190.png 400w, https:\/\/castromarimresort.com\/wp-content\/uploads\/2019\/11\/lotes-e1574433052759-600x285.png 600w, https:\/\/castromarimresort.com\/wp-content\/uploads\/2019\/11\/lotes-e1574433052759.png 760w\" data-sizes=\"auto\" data-orig-sizes=\"(max-width: 800px) 100vw, 600px\" \/><\/span><\/div><\/div><div class=\"fusion-clearfix\"><\/div><\/div><span class=\"fusion-column-inner-bg hover-type-none\"><a href=\"\/imobiliaria\/lotes-individuais\/\"><span class=\"fusion-column-inner-bg-image\" style=\"background-position:center center;background-repeat:no-repeat;-webkit-background-size:cover;-moz-background-size:cover;-o-background-size:cover;background-size:cover;\"><\/span><\/a><\/span><\/div><div class=\"fusion-layout-column fusion_builder_column fusion-builder-column-8 fusion_builder_column_1_4 1_4 fusion-one-fourth fusion-column-inner-bg-wrapper\" style=\"width:25%;width:calc(25% - ( ( 0 + 0 + 0 ) * 0.25 ) );margin-right: 0px;margin-top:20px;margin-bottom:20px;\"><div class=\"fusion-column-wrapper fusion-flex-column-wrapper-legacy\" style=\"padding: 0px 20px 0px 0px;\"><style type=\"text\/css\"><\/style><div class=\"fusion-title title fusion-title-3 fusion-sep-none fusion-title-text fusion-title-size-three bg_footer\" style=\"margin-top:20px;margin-bottom:30px;\"><h3 class=\"title-heading-left\" style=\"margin:0;\"><h2><span style=\"color: #ffffff;\">LOTES INDIVIDUAIS<\/span><\/h2><\/h3><\/div><div class=\"fusion-text fusion-text-4 bg_footer-text\"><p style=\"text-align: left;\"><span style=\"color: #333333;\">O Castro Marim Golfe &amp; Country Club \u00e9 o local perfeito para quem pretende construir a sua casa de sonho. Pode projetar uma casa individualizada \u00e0 medida do seu estilo de vida numa localiza\u00e7\u00e3o \u00edmpar no Algarve.<\/span><\/p>\n<\/div><div class=\"fusion-clearfix\"><\/div><\/div><span class=\"fusion-column-inner-bg hover-type-none\"><a href=\"\/imobiliaria\/lotes-individuais\/\"><span class=\"fusion-column-inner-bg-image\" style=\"background-position:center center;background-repeat:no-repeat;-webkit-background-size:cover;-moz-background-size:cover;-o-background-size:cover;background-size:cover;\"><\/span><\/a><\/span><\/div><div class=\"fusion-layout-column fusion_builder_column fusion-builder-column-9 fusion_builder_column_1_6 1_6 fusion-one-sixth fusion-column-last fusion-column-inner-bg-wrapper\" style=\"width:16.666666666667%;width:calc(16.666666666667% - ( ( 0 + 0 + 0 ) * 0.16666666666667 ) );margin-top:0px;margin-bottom:20px;\"><div class=\"fusion-column-wrapper fusion-flex-column-wrapper-legacy\" style=\"padding: 0px 0px 0px 0px;\"><div class=\"fusion-clearfix\"><\/div><\/div><span class=\"fusion-column-inner-bg hover-type-none\"><a href=\"\/imobiliaria\/vilas-geminadas\/\"><span class=\"fusion-column-inner-bg-image\" style=\"background-position:center center;background-repeat:no-repeat;-webkit-background-size:cover;-moz-background-size:cover;-o-background-size:cover;background-size:cover;\"><\/span><\/a><\/span><\/div><\/div><\/div><\/p>\n","protected":false},"excerpt":{"rendered":"","protected":false},"author":1,"featured_media":0,"parent":0,"menu_order":0,"comment_status":"open","ping_status":"open","template":"100-width.php","meta":{"footnotes":""},"class_list":["post-3575","page","type-page","status-publish","hentry"],"acf":[],"yoast_head":"<!-- This site is optimized with the Yoast SEO plugin v24.2 - https:\/\/yoast.com\/wordpress\/plugins\/seo\/ -->\n<title>Imobili\u00e1ria - Castro Marim Golfe<\/title>\n<meta name=\"robots\" content=\"index, follow, max-snippet:-1, max-image-preview:large, max-video-preview:-1\" \/>\n<link rel=\"canonical\" href=\"https:\/\/castromarimresort.com\/pt-pt\/imobiliaria-2\/\" \/>\n<meta property=\"og:locale\" content=\"pt_PT\" \/>\n<meta property=\"og:type\" content=\"article\" \/>\n<meta property=\"og:title\" content=\"Imobili\u00e1ria - Castro Marim Golfe\" \/>\n<meta property=\"og:url\" content=\"https:\/\/castromarimresort.com\/pt-pt\/imobiliaria-2\/\" \/>\n<meta property=\"og:site_name\" content=\"Castro Marim Golfe\" \/>\n<meta property=\"article:publisher\" content=\"https:\/\/www.facebook.com\/CastroMarimGolfeCountryClub\" \/>\n<meta property=\"article:modified_time\" content=\"2019-11-22T14:33:51+00:00\" \/>\n<meta name=\"twitter:card\" content=\"summary_large_image\" \/>\n<meta name=\"twitter:label1\" content=\"Tempo estimado de leitura\" \/>\n\t<meta name=\"twitter:data1\" content=\"12 minutos\" \/>\n<script type=\"application\/ld+json\" class=\"yoast-schema-graph\">{\"@context\":\"https:\/\/schema.org\",\"@graph\":[{\"@type\":\"WebPage\",\"@id\":\"https:\/\/castromarimresort.com\/pt-pt\/imobiliaria-2\/\",\"url\":\"https:\/\/castromarimresort.com\/pt-pt\/imobiliaria-2\/\",\"name\":\"Imobili\u00e1ria - Castro Marim Golfe\",\"isPartOf\":{\"@id\":\"https:\/\/castromarimresort.com\/pt-pt\/#website\"},\"datePublished\":\"2019-11-15T16:05:01+00:00\",\"dateModified\":\"2019-11-22T14:33:51+00:00\",\"breadcrumb\":{\"@id\":\"https:\/\/castromarimresort.com\/pt-pt\/imobiliaria-2\/#breadcrumb\"},\"inLanguage\":\"pt-PT\",\"potentialAction\":[{\"@type\":\"ReadAction\",\"target\":[\"https:\/\/castromarimresort.com\/pt-pt\/imobiliaria-2\/\"]}]},{\"@type\":\"BreadcrumbList\",\"@id\":\"https:\/\/castromarimresort.com\/pt-pt\/imobiliaria-2\/#breadcrumb\",\"itemListElement\":[{\"@type\":\"ListItem\",\"position\":1,\"name\":\"In\u00edcio\",\"item\":\"https:\/\/castromarimresort.com\/pt-pt\/\"},{\"@type\":\"ListItem\",\"position\":2,\"name\":\"Imobili\u00e1ria\"}]},{\"@type\":\"WebSite\",\"@id\":\"https:\/\/castromarimresort.com\/pt-pt\/#website\",\"url\":\"https:\/\/castromarimresort.com\/pt-pt\/\",\"name\":\"Castro Marim Golfe\",\"description\":\"Castro Marim Golfe and Country Club official web site, book a luxury villa holiday, buy luxury holiday home or just play on all of the memorable 27 golf holes\",\"publisher\":{\"@id\":\"https:\/\/castromarimresort.com\/pt-pt\/#organization\"},\"potentialAction\":[{\"@type\":\"SearchAction\",\"target\":{\"@type\":\"EntryPoint\",\"urlTemplate\":\"https:\/\/castromarimresort.com\/pt-pt\/?s={search_term_string}\"},\"query-input\":{\"@type\":\"PropertyValueSpecification\",\"valueRequired\":true,\"valueName\":\"search_term_string\"}}],\"inLanguage\":\"pt-PT\"},{\"@type\":\"Organization\",\"@id\":\"https:\/\/castromarimresort.com\/pt-pt\/#organization\",\"name\":\"Castro Marim Golfe & Country Club\",\"url\":\"https:\/\/castromarimresort.com\/pt-pt\/\",\"logo\":{\"@type\":\"ImageObject\",\"inLanguage\":\"pt-PT\",\"@id\":\"https:\/\/castromarimresort.com\/pt-pt\/#\/schema\/logo\/image\/\",\"url\":\"https:\/\/castromarimresort.com\/wp-content\/uploads\/2019\/08\/castro_marim_logo.png\",\"contentUrl\":\"https:\/\/castromarimresort.com\/wp-content\/uploads\/2019\/08\/castro_marim_logo.png\",\"width\":525,\"height\":120,\"caption\":\"Castro Marim Golfe & Country Club\"},\"image\":{\"@id\":\"https:\/\/castromarimresort.com\/pt-pt\/#\/schema\/logo\/image\/\"},\"sameAs\":[\"https:\/\/www.facebook.com\/CastroMarimGolfeCountryClub\"]}]}<\/script>\n<!-- \/ Yoast SEO plugin. -->","yoast_head_json":{"title":"Imobili\u00e1ria - Castro Marim Golfe","robots":{"index":"index","follow":"follow","max-snippet":"max-snippet:-1","max-image-preview":"max-image-preview:large","max-video-preview":"max-video-preview:-1"},"canonical":"https:\/\/castromarimresort.com\/pt-pt\/imobiliaria-2\/","og_locale":"pt_PT","og_type":"article","og_title":"Imobili\u00e1ria - Castro Marim Golfe","og_url":"https:\/\/castromarimresort.com\/pt-pt\/imobiliaria-2\/","og_site_name":"Castro Marim Golfe","article_publisher":"https:\/\/www.facebook.com\/CastroMarimGolfeCountryClub","article_modified_time":"2019-11-22T14:33:51+00:00","twitter_card":"summary_large_image","twitter_misc":{"Tempo estimado de leitura":"12 minutos"},"schema":{"@context":"https:\/\/schema.org","@graph":[{"@type":"WebPage","@id":"https:\/\/castromarimresort.com\/pt-pt\/imobiliaria-2\/","url":"https:\/\/castromarimresort.com\/pt-pt\/imobiliaria-2\/","name":"Imobili\u00e1ria - Castro Marim Golfe","isPartOf":{"@id":"https:\/\/castromarimresort.com\/pt-pt\/#website"},"datePublished":"2019-11-15T16:05:01+00:00","dateModified":"2019-11-22T14:33:51+00:00","breadcrumb":{"@id":"https:\/\/castromarimresort.com\/pt-pt\/imobiliaria-2\/#breadcrumb"},"inLanguage":"pt-PT","potentialAction":[{"@type":"ReadAction","target":["https:\/\/castromarimresort.com\/pt-pt\/imobiliaria-2\/"]}]},{"@type":"BreadcrumbList","@id":"https:\/\/castromarimresort.com\/pt-pt\/imobiliaria-2\/#breadcrumb","itemListElement":[{"@type":"ListItem","position":1,"name":"In\u00edcio","item":"https:\/\/castromarimresort.com\/pt-pt\/"},{"@type":"ListItem","position":2,"name":"Imobili\u00e1ria"}]},{"@type":"WebSite","@id":"https:\/\/castromarimresort.com\/pt-pt\/#website","url":"https:\/\/castromarimresort.com\/pt-pt\/","name":"Castro Marim Golfe","description":"Castro Marim Golfe and Country Club official web site, book a luxury villa holiday, buy luxury holiday home or just play on all of the memorable 27 golf holes","publisher":{"@id":"https:\/\/castromarimresort.com\/pt-pt\/#organization"},"potentialAction":[{"@type":"SearchAction","target":{"@type":"EntryPoint","urlTemplate":"https:\/\/castromarimresort.com\/pt-pt\/?s={search_term_string}"},"query-input":{"@type":"PropertyValueSpecification","valueRequired":true,"valueName":"search_term_string"}}],"inLanguage":"pt-PT"},{"@type":"Organization","@id":"https:\/\/castromarimresort.com\/pt-pt\/#organization","name":"Castro Marim Golfe & Country Club","url":"https:\/\/castromarimresort.com\/pt-pt\/","logo":{"@type":"ImageObject","inLanguage":"pt-PT","@id":"https:\/\/castromarimresort.com\/pt-pt\/#\/schema\/logo\/image\/","url":"https:\/\/castromarimresort.com\/wp-content\/uploads\/2019\/08\/castro_marim_logo.png","contentUrl":"https:\/\/castromarimresort.com\/wp-content\/uploads\/2019\/08\/castro_marim_logo.png","width":525,"height":120,"caption":"Castro Marim Golfe & Country Club"},"image":{"@id":"https:\/\/castromarimresort.com\/pt-pt\/#\/schema\/logo\/image\/"},"sameAs":["https:\/\/www.facebook.com\/CastroMarimGolfeCountryClub"]}]}},"_links":{"self":[{"href":"https:\/\/castromarimresort.com\/pt-pt\/wp-json\/wp\/v2\/pages\/3575"}],"collection":[{"href":"https:\/\/castromarimresort.com\/pt-pt\/wp-json\/wp\/v2\/pages"}],"about":[{"href":"https:\/\/castromarimresort.com\/pt-pt\/wp-json\/wp\/v2\/types\/page"}],"author":[{"embeddable":true,"href":"https:\/\/castromarimresort.com\/pt-pt\/wp-json\/wp\/v2\/users\/1"}],"replies":[{"embeddable":true,"href":"https:\/\/castromarimresort.com\/pt-pt\/wp-json\/wp\/v2\/comments?post=3575"}],"version-history":[{"count":40,"href":"https:\/\/castromarimresort.com\/pt-pt\/wp-json\/wp\/v2\/pages\/3575\/revisions"}],"predecessor-version":[{"id":4251,"href":"https:\/\/castromarimresort.com\/pt-pt\/wp-json\/wp\/v2\/pages\/3575\/revisions\/4251"}],"wp:attachment":[{"href":"https:\/\/castromarimresort.com\/pt-pt\/wp-json\/wp\/v2\/media?parent=3575"}],"curies":[{"name":"wp","href":"https:\/\/api.w.org\/{rel}","templated":true}]}}